{"id":212,"date":"2018-03-24T12:33:45","date_gmt":"2018-03-24T12:33:45","guid":{"rendered":"https:\/\/fortin.agency\/manual-de-branding\/"},"modified":"2019-01-22T15:07:47","modified_gmt":"2019-01-22T15:07:47","slug":"brand-book","status":"publish","type":"page","link":"https:\/\/fortin.agency\/en\/brand-book\/","title":{"rendered":"Brand Book"},"content":{"rendered":"<section class=\"paZona\">\r\n\t<div class=\"container\">\r\n\t\t<div class=\"row\">\r\n\t\t\t<div class=\"col-lg-12\">            \r\n\t\t\t\t<div class=\"heading-box\">    \r\n\t\t\t\t\t<img decoding=\"async\" class=\"logo\" src=\"https:\/\/fortin.agency\/wp-content\/themes\/fortin\/assets\/img\/fortin-logo-alb.svg\" alt=\"\">            \r\n\t\t\t\t\t<img decoding=\"async\" class=\"bg\" src=\"https:\/\/fortin.agency\/wp-content\/themes\/fortin\/assets\/img\/brandbook-landscape.jpg\" alt=\"\">            \r\n\t\t\t\t\t<h1>The Brand <span>Book<\/span> <div>&#8211; Manual de Branding<\/div><\/h1>\r\n\t\t\t\t\t<p>Design book of reference in terms of branding, <br>\r\n\t\t\t\t\t\tcommunication and organizational philosophy. \r\n\t\t\t\t\t<\/p>\r\n\t\t\t\t<\/div>\r\n\t\t\t<\/div>\r\n\t\t<\/div>\r\n\t<\/div>\r\n<\/section>\r\n\r\n<section class=\"manualbr-continut\">\r\n\t<div class=\"container\">\r\n\t\t<hr class=\"hrgradient1\">\r\n\t\t<hr class=\"hrgradient2\">\r\n\t\t<div class=\"row\">\r\n\t\t\t<div class=\"col-lg-7 col-md-7\">\r\n\t\t\t\t<div class=\"mbr-intro\">\r\n\t\t\t\t\t<div class=\"heading-box\">            \r\n\t\t\t\t\t\t<h2 class=\"h3\"><span>To create social culture,<\/span>\r\n\t\t\t\t\t\ta step above branding<\/h2>\r\n\t\t\t\t\t<\/div> \r\n\t\t\t\t\t<p>One can say that a brand is more important than the company it represents. A brand is represented beyond the services and products it provides, beyond its own market capital. <\/p> <p> People buy Apple products for the experience they envision, even though they could choose other computing systems of performance, the choice is subjective, rather than objective. <\/p>\r\n\t\t\t\t\t<p class=\"mb-45\">Essentially, people choose more than the product or service of a brand &#8211; they choose an entire cultural universe of personal and social meaning. Free choice is everyone\u2019s right .<\/p>   \r\n\t\t\t\t<\/div>\r\n\t\t\t\t<div class=\"mbr-intro2\">\r\n\t\t\t\t\t<p>From our perspective, a successful brand creates social culture for the good of the communities it represents and supports the culture of the communities it creates. In terms of responsible marketing, this free trade brand-customer, customer-brand cultural relationship dynamic is a win-win for all parties. <\/p>\r\n\t\t\t\t<\/div>      \r\n\t\t\t<\/div>\r\n\t\t\t<div class=\"col-lg-5 col-md-5\">\r\n\t\t\t\t<img decoding=\"async\" class=\"appleguy\" src=\"https:\/\/fortin.agency\/wp-content\/themes\/fortin\/assets\/img\/manualbr-appleguy.png\" alt=\"\">\r\n\t\t\t\t<img decoding=\"async\" class=\"overlaybg\" src=\"https:\/\/fortin.agency\/wp-content\/themes\/fortin\/assets\/img\/manualbr-dreptunghi.png\" alt=\"\">\r\n\t\t\t<\/div>\r\n\t\t<\/div>\r\n\r\n\t\t<div class=\"mbr-ent-cult\">\r\n\t\t\t<!-- Start: row -->\r\n\t\t\t<div class=\"row\">\r\n\t\t\t\t<div class=\"col-lg-7 col-md-7\">\r\n\t\t\t\t\t<div class=\"heading-box\">\r\n\t\t\t\t\t\t<h3>A brand is a cultural <span>\r\n\t\t\t\t\t\tand social entity<\/span><\/h3>\r\n\t\t\t\t\t<\/div>\r\n\t\t\t\t<\/div>\r\n\t\t\t<\/div>\r\n\t\t\t<!-- End: row -->\r\n\t\t\t<!-- Start: row -->\r\n\t\t\t<div class=\"row\">\r\n\t\t\t\t<div class=\"col-lg-7 col-md-7 lft-side\">\r\n\t\t\t\t\t<p>Brand culture identity is expressed in all points of interaction with people, using messages and graphic design, mass-media and multimedia, to communicate within the organization, clients and communities that support the brand.<p> <p>A number of theoretical and practical elements of significance work at play in the development of a brand. <\/p>\r\n\t\t\t\t\t<p>Brand elements work in synergy to shape the brand image and personality, business strategy, market positioning, sales proposition, advertising messages, the public and the communities a brand represents in a commercial, private or public sector.<\/p>\r\n\t\t\t\t<\/div>\r\n\t\t\t\t<div class=\"col-lg-5 col-md-5 rgt-side\">\r\n\t\t\t\t\t<h4>The culture of a brand<\/h4>\r\n\t\t\t\t\t<ul class=\"cu-bullet bverde\">\r\n\t\t\t\t\t\t<li>Philosophy<\/li>\r\n\t\t\t\t\t\t<li>Vision, mission, values<\/li>\r\n\t\t\t\t\t\t<li>Brand attributes<\/li>\r\n\t\t\t\t\t\t<li>Brand narrative and messages<\/li>\r\n\t\t\t\t\t<\/ul>\r\n\t\t\t\t\t<h4>Brand architecture<\/h4>\r\n\t\t\t\t\t<ul class=\"cu-bullet bverde\">\r\n\t\t\t\t\t\t<li>Graphic Identity Guide<\/li>\r\n\t\t\t\t\t\t<li>Multimedia applications<\/li>\r\n\t\t\t\t\t\t<li>Brand nomenclature<\/li>\r\n\t\t\t\t\t<\/ul>\r\n\t\t\t\t<\/div>\r\n\t\t\t<\/div>\r\n\t\t\t<!-- End: row -->\r\n\t\t<\/div>\r\n\r\n\t\t<div class=\"mbr-antro-br\">\r\n\t\t\t<div class=\"row\">\r\n\t\t\t\t<div class=\"col-lg-7 col-md-7\">\r\n\t\t\t\t\t<div class=\"heading-box\">\r\n\t\t\t\t\t\t<h2>Brand anthropology<\/h2>\r\n\t\t\t\t\t<\/div>\r\n\t\t\t\t<\/div>\r\n\t\t\t<\/div>\r\n\t\t\t<div class=\"row\">\r\n\t\t\t\t<div class=\"col-lg-7 col-md-7\">\r\n\t\t\t\t\t<blockquote>\r\n\t\t\t\t\t\t<p>From an anthropological point of view, a brand may be associated with a person defined by motivations, attitudes, feelings, thoughts, actions, life story and manufactured goods.<\/p>\r\n\t\t\t\t\t<\/blockquote>\r\n\t\t\t\t<\/div>\r\n\t\t\t\t<div class=\"col-lg-5 col-md-5\">\r\n\t\t\t\t\t<p>In this analogy, a brand guides its actions according to a set of values and principles, takes calculated actions to fulfill its (commercial or non-profit) mission by virtue of a vision, with the help of a set of objective and subjective skills.<\/p> \r\n\t\t\t\t\t<p> Before we embark on a brand development project, we ask a fair question:<\/p>\r\n\t\t\t\t\t<p><b>Imagine the brand was a person, how would it be like? <\/b><\/p>\r\n\t\t\t\t<\/div>\r\n\t\t\t<\/div>\r\n\t\t<\/div>\r\n\t\t<div class=\"row mbr-constiinta\">\r\n\t\t\t<div class=\"col-lg-7 col-md-7 lft-side\">\r\n\t\t\t\t<div class=\"heading-box\">\r\n\t\t\t\t\t<h3>The personal, social and cultural  \r\n\t\t\t\t\tconsciousness of a brand<\/h3>\r\n\t\t\t\t<\/div>\r\n\t\t\t\t<p>The core representations of a person are: identity, personality, also cognitive, actional and relational processes. Personality is shaped as a result of innate and acquired qualities gained during development. Identity is a conscious form of personal expression, consisting of principles, goals, life experience and philosophy within a socio-cultural space. <\/p>\r\n\t\t\t\t<p>Applied to the construction of a brand, these anthropological features translate into Vision, Mission, Values, Attributes and Brand Narrative to form an interconnected relationship system.<\/p>\r\n\t\t\t<\/div>\r\n\t\t\t<div class=\"col-lg-5 col-md-5 rgt-side\">\r\n\t\t\t\t<img decoding=\"async\" class=\"overlaybg\" src=\"https:\/\/fortin.agency\/wp-content\/themes\/fortin\/assets\/img\/manualbr-dreptunghi.png\" alt=\"\">\r\n\t\t\t<\/div>\r\n\r\n\t\t<\/div>\r\n\r\n\t\t<div class=\"row mbr-misiune\">\r\n\t\t\t<div class=\"col-lg-7 col-md-7 col-sm-7 col-7\">\r\n\t\t\t\t<div class=\"heading-box\">\r\n\t\t\t\t\t<h2>Mission<\/h2>\r\n\t\t\t\t<\/div>\r\n\t\t\t<\/div>\r\n\t\t\t<div class=\"col-lg-5 col-md-5 col-sm-5 col-5\">\r\n\t\t\t\t<object class=\"canvas-obj anim-trigger\" data=\"https:\/\/fortin.agency\/wp-content\/themes\/fortin\/assets\/canvas\/brandbook\/catarg\/index.html\"><\/object>\r\n\t\t\t<\/div>\r\n\t\t<\/div>\r\n\t\t<div class=\"mbr-misiunea-este\">\r\n\t\t\t<!-- Start: row -->\r\n\t\t\t<div class=\"row\">\r\n\t\t\t\t<div class=\"col-lg-7 col-md-7\">\r\n\t\t\t\t\t<div class=\"heading-box\">\r\n\t\t\t\t\t\t<h3>Brand mission is an action plan for achieving organizational goals<\/h3>\r\n\t\t\t\t\t<\/div>\r\n\t\t\t\t<\/div>\r\n\t\t\t<\/div>\r\n\t\t\t<!-- End: row -->\r\n\t\t\t<!-- Start: row -->\r\n\t\t\t<div class=\"row\">\r\n\t\t\t\t<div class=\"col-lg-7 col-md-7\">\r\n\t\t\t\t\t<p>The mission identifies the pragmatic means by which a company can create value for customers and society in general. A brand mission statement expresses 3 key concepts &#8211; the vision (to which the mission aims), the values that support the efforts to accomplish the mission and the objectives of the organization in the sector in which it operates.<\/p>\r\n\t\t\t\t\t<p>The mission statement communicates the purpose of an organization the means and resources employed to achieve its goals. <\/p>\r\n\t\t\t\t\t<p><b>The mission statement answers the following questions:<\/b><\/p>\r\n\t\t\t\t\t<ul class=\"cu-bullet bverde\">\r\n\t\t\t\t\t\t<li>What is the activity of the organization?<\/li>\r\n\t\t\t\t\t\t<li>Who are its customers?<\/li>\r\n\t\t\t\t\t\t<li>How can it provide value with products and services?<\/li>\r\n\t\t\t\t\t\t<li>What is the ideal performance benchmark of the company?<\/li>\r\n\t\t\t\t\t\t<li>What is the ideal version of the company in the future?<\/li>\r\n\t\t\t\t\t<\/ul>\r\n\t\t\t\t<\/div>\r\n\t\t\t\t<div class=\"col-lg-5 col-md-5\">\r\n\t\t\t\t\t<blockquote>\r\n\t\t\t\t\t\t<p>Brand mission is a statement of identity, action and purpose in regards to procedures, services and products. <\/p><p>It can be summed up in a single sentence, it can be detailed in a phrase, extended in a book, it\u2019s motivational and aspirational.<\/p>\r\n\t\t\t\t\t<\/blockquote>\r\n\t\t\t\t<\/div>\r\n\t\t\t<\/div>\r\n\t\t\t<!-- End: row -->\r\n\t\t<\/div>\r\n\t\t<div class=\"row drawwhy\">\r\n\t\t\t<div class=\"col-lg-7\">\r\n\t\t\t\t<img decoding=\"async\" src=\"https:\/\/fortin.agency\/wp-content\/themes\/fortin\/assets\/img\/manualbr-life-is-good.png\" alt=\"Life is Good\">\r\n\t\t\t<\/div>\r\n\t\t\t<div class=\"col-lg-5\">\r\n\t\t\t\t<div class=\"life-is-good\">\r\n\t\t\t\t\t<div class=\"heading-box\">\r\n\t\t\t\t\t\t<h3><span>Life is Good.<\/span> \u2013 A good life brand <br>that treasures optimism<\/h3>\r\n\t\t\t\t\t<\/div>\r\n\t\t\t\t\t<p>Life is Good, as the name of a brand, is an inspirational mission statement in itself. The brand is a manufacturer of clothes with inspirational messages that stand out from the crowd.Spread the power of optimism is a motivational message that inspires and capacitates people.<\/p><p>Apart from the functional values described in a statement of mission, Spread the power of optimism defines an attitude and summarizes an entire philosophy of life, the philosophy of optimism. The Life is Good philosophy is shared in social campaigns, on t-shirt messages, in the quality of the fabrics, friendly communication and responsibility to the communities.  <\/p>\r\n\t\t\t\t<\/div>\r\n\t\t\t<\/div>\r\n\t\t<\/div>\r\n\t\t<div class=\"row manualbr-viziune\">\r\n\t\t\t<div class=\"col-lg-7 col-md-7\">\r\n\t\t\t\t<div class=\"heading-box\">\r\n\t\t\t\t\t<h3>Vision is the ideal image of an organization as projected in the future<\/h3>            \r\n\t\t\t\t<\/div>\r\n\t\t\t\t<p>Having a vision is essential for developing a successful brand. Vision projects an ideal image of an organization into the future and generates an attitude of courage and confidence in the potential of an innovative idea. <\/p>\r\n\t\t\t\t<p>The vision is shared by the members of the organization and is based on the organization&#8217;s ability to develop towards the ideal. <\/p>\r\n\t\t\t\t<p>In the spirit of business vision, a company defines its organizational culture and the fundamentals of its business philosophy.<\/p>\r\n\t\t\t\t<blockquote>\r\n\t\t\t\t\t<p>The vision identifies long-term objectives and exalts the motivation to reach them successfully.<\/p>\r\n\t\t\t\t<\/blockquote>\r\n\t\t\t<\/div>\r\n\t\t\t<div class=\"col-lg-5 col-md-5 rgt-side\">\r\n\t\t\t\t<div class=\"heading-box\">\r\n\t\t\t\t\t<h2>Vision<\/h2>\r\n\t\t\t\t<\/div>\r\n\t\t\t\t<img decoding=\"async\" class=\"overlaybg\" src=\"https:\/\/fortin.agency\/wp-content\/themes\/fortin\/assets\/img\/manualbr-dreptunghi.png\" alt=\"\">\r\n\t\t\t<\/div>\r\n\t\t<\/div>\r\n\t<\/div>\r\n<\/section>\r\n<section class=\"manualbr-starbucks\">\r\n\t<div class=\"container\">\r\n\t\t<div class=\"row\">\r\n\t\t\t<div class=\"col-lg-7 col-md-7\">\r\n\t\t\t\t<div class=\"heading-box\">\r\n\t\t\t\t\t<h4><b>Starbucks<\/b> \u2013 <span>The short story of a successful vision<\/span><\/h4>\r\n\t\t\t\t<\/div>\r\n\t\t\t<\/div>\r\n\t\t\t<div class=\"col-lg-5 col-md-5\">\r\n\t\t\t\t<div class=\"bgoverlaybg\"><\/div>\r\n\t\t\t<\/div>\r\n\t\t<\/div>\r\n\t\t<div class=\"row content-btm\">\r\n\t\t\t<div class=\"col-lg-7 col-md-7\">\r\n\t\t\t\t<p>During a trip to Italy, Howard Schultz, one of Starbucks&#8217; founding members, noticed how coffee as a social drink defines coffee culture &#8211; Italians enjoy coffee in relaxed caf\u00e9s and enjoy the company of friends or reading a newspaper. <\/p>\r\n\t\t\t<\/div>\r\n\t\t\t<div class=\"col-lg-5 col-md-5\">\r\n\t\t\t\t<p>The vision of bringing the coffee drinking culture to America has proven to be motivating enough to turn Starbucks from a coffee boutique into an international network of social and cultural caf\u00e9 restaurants. That also serves free Wi-Fi for people working on their laptops.<\/p>\r\n\t\t\t<\/div>\r\n\t\t<\/div>\r\n\t<\/div>\r\n<\/section>\r\n\r\n<section class=\"manualbr-valori\">\r\n\t<div class=\"container-fluid\">\r\n\t\t<div class=\"row flex-column\">\r\n\t\t\t<div class=\"col-lg-12 heading-col\">\r\n\t\t\t\t<div class=\"heading-box\">\r\n\t\t\t\t\t<h2>Values<\/h2>\r\n\t\t\t\t<\/div>\r\n\t\t\t<\/div>\r\n\t\t<\/div>\r\n\t<\/div>\r\n\t<div class=\"container\">\r\n\t\t<div class=\"row\">\r\n\t\t\t<div class=\"col-lg-7 col-md-7\">\r\n\t\t\t\t<p>Brand values are core branding elements and define the brand&#8217;s appearance in design, communication messages and procedural customer relationship. A brand values the strong points of its human resources that sustain organizational efforts to accomplish the mission.<\/p>\r\n\t\t\t\t<p>If a cleaning company promises an <b>Exigent service<\/b>, the cleaning team activities will be very rigorous in sanitation procedures. If a pizza delivery company promises <b>Fast pizza delivery<\/b>, couriers will try to deliver pizza as soon as possible.<\/p>\r\n\t\t\t\t<p>Brand values can be focused on keywords, often adjectives of professional specialization &#8211; integrity, responsibility, respect for the client &#8211; also in non-descriptive sentences or words like: <b>&#8220;Passion for technology&#8221;<\/b>. <\/p>\r\n\t\t\t<\/div>\r\n\t\t\t<div class=\"col-lg-5 col-md-5 rgt-side\">\r\n\t\t\t\t<blockquote>\r\n\t\t\t\t\t<p>The values of a company can be extended to reach all organizational activities \u2013 in the relationship with the clients, in the making of the products, in the service offer, in advertising messages, in the organizational culture.<\/p>\r\n\t\t\t\t<\/blockquote>\r\n\t\t\t\t<blockquote class=\"steve-zice\">\r\n\t\t\t\t\t<em>\u201cApple is not about making boxes for people to get their jobs done, although we do that well. Apple is about something more. Its core value is that we believe that people with passion can change the world for the better.\u201d<\/em>            \r\n\t\t\t\t\t<cite>Steve Jobs, Apple CEO, 1997<\/cite>\r\n\t\t\t\t\t<img decoding=\"async\" src=\"https:\/\/fortin.agency\/wp-content\/themes\/fortin\/assets\/img\/manualbr-stevejobs.png\" alt=\"Steve Jobs\">\r\n\t\t\t\t<\/blockquote>\r\n\t\t\t<\/div>\r\n\t\t<\/div>\r\n\t<\/div>\r\n<\/section>\r\n<section class=\"manualbr-atribute\">\r\n\t<div class=\"container\">\r\n\t\t<div class=\"row\">\r\n\t\t\t<div class=\"col-lg-7 col-md-12 lft-side\">\r\n\t\t\t\t<div class=\"heading-box\">\r\n\t\t\t\t\t<h3>Brand attributes<\/h3>\r\n\t\t\t\t<\/div>\r\n\t\t\t\t<p>The identity of a brand is expressed in values and attributes. Values are guiding principles of good practice in the field of business, attributes are the projected qualities designed by the brand to communicate its presence and activity on the market. <\/p> <p> To create an organic link between the brand and the public, the attributes have human qualities, so the relationship dynamic is natural. <\/p>\r\n\t\t\t<\/div>\r\n\t\t<\/div>\r\n\t\t<div class=\"row\">\r\n\t\t\t<div class=\"col-lg-7\">\r\n\t\t\t\t<ul class=\"fara-bullet row\">\r\n\t\t\t\t\t<li class=\"col-lg-4 col-md-4 col-sm-4 col-4\">\r\n\t\t\t\t\t\t<ul class=\"cu-bullet bverde\">\r\n\t\t\t\t\t\t\t<li>Responsible <\/li>\r\n\t\t\t\t\t\t\t<li>Persevering <\/li>\r\n\t\t\t\t\t\t\t<li>Friendly<\/li>\r\n\t\t\t\t\t\t\t<li>Upright<\/li>\r\n\t\t\t\t\t\t\t<li>Playful <\/li>\r\n\t\t\t\t\t\t<\/ul>\r\n\t\t\t\t\t<\/li>\r\n\t\t\t\t\t<li class=\"col-lg-4 col-md-4 col-sm-4 col-4\">\r\n\t\t\t\t\t\t<ul class=\"cu-bullet bverde\">\r\n\t\t\t\t\t\t\t<li>Original<\/li>\r\n\t\t\t\t\t\t\t<li>Romantic<\/li>\r\n\t\t\t\t\t\t\t<li>Serious<\/li>\r\n\t\t\t\t\t\t\t<li>Curious<\/li>\r\n\t\t\t\t\t\t\t<li>Prestigious <\/li>\r\n\t\t\t\t\t\t<\/ul>\r\n\t\t\t\t\t<\/li>\r\n\t\t\t\t\t<li class=\"col-lg-4 col-md-4 col-sm-4 col-4\">\r\n\t\t\t\t\t\t<ul class=\"cu-bullet bverde\">\r\n\t\t\t\t\t\t\t<li>Hospitable<\/li>\r\n\t\t\t\t\t\t\t<li>Devoted<\/li>\r\n\t\t\t\t\t\t\t<li>Adventurous<\/li>\r\n\t\t\t\t\t\t\t<li>Accessible <\/li>\r\n\t\t\t\t\t\t\t<li>Innovative <\/li>\r\n\t\t\t\t\t\t<\/ul>\r\n\t\t\t\t\t<\/li>\r\n\t\t\t\t<\/ul>\r\n\t\t\t<\/div>\r\n\t\t\t<div class=\"col-lg-5 col-md-12 rgt-side\">\r\n\t\t\t\t<blockquote>\r\n\t\t\t\t\t<p>Brand values and attributes represent brand image capital.<\/p>\r\n\t\t\t\t<\/blockquote>\r\n\t\t\t<\/div>\r\n\t\t<\/div>\r\n\t<\/div>\r\n<\/section>\r\n<section class=\"manualbr-naichii\">\r\n\t<div class=\"container\">\r\n\t\t<div class=\"row\">\r\n\t\t\t<div class=\"col-lg-7 col-md-7\">\r\n\t\t\t\t<div class=\"heading-box\">\r\n\t\t\t\t\t<h3>What do we want people to feel?<\/h3>\r\n\t\t\t\t<\/div>\r\n\t\t\t<\/div>\r\n\t\t<\/div>\r\n\t\t<div class=\"row\">\r\n\t\t\t<div class=\"col-lg-7 col-md-7\">\r\n\t\t\t\t<p>The answer to this question is essential to the public&#8217;s relationship with the brand. People do not always remember what a brand communicates or what it does exactly, they remember the feeling they have in relation to it. Before we can determine how we can make people feel something, we need to identify what would be the best feelings everyone would love. <\/p>\r\n\t\t\t<\/div>\r\n\t\t\t<div class=\"col-lg-5 col-md-5\">\r\n\t\t\t\t<p>The style a brand communicates &#8211; in textual and graphic language &#8211; extends an experiential and sensorial level of perception to support the intention of branding &#8211; to communicate (commercial and non-commercial) information and the relevant truth to the public.<\/p>\r\n\t\t\t<\/div>\r\n\t\t<\/div>\r\n\t\t<div class=\"row bfrbgcyan\">\r\n\t\t\t<div class=\"col-lg-7 col-md-7\"><\/div>\r\n\t\t\t<div class=\"col-lg-5 col-md-5\">\r\n\t\t\t\t<ul class=\"fara-bullet\">\r\n\t\t\t\t\t<li><span class=\"incredere\">Trust<\/span><\/li>\r\n\t\t\t\t\t<li><span class=\"accesibilitate\">Accessibility<\/span><\/li>\r\n\t\t\t\t\t<li><span class=\"seriozitate\">Seriousness<\/span><\/li>\r\n\t\t\t\t\t<li><span class=\"originalitate\">Original<\/span><\/li>\r\n\t\t\t\t\t<li><span class=\"inovatie\">Innovation<\/span><\/li>\r\n\t\t\t\t<\/ul>\r\n\t\t\t<\/div>\r\n\t\t<\/div>\r\n\t\t<div class=\"row bfrbgbleu\">\r\n\t\t\t<div class=\"col-lg-7 col-md-7\"><\/div>\r\n\t\t\t<div class=\"col-lg-5 col-md-5\"><img decoding=\"async\" class=\"overlaybg\" src=\"https:\/\/fortin.agency\/wp-content\/themes\/fortin\/assets\/img\/manualbr-dreptunghi.png\" alt=\"\"><\/div>\r\n\t\t<\/div>\r\n\t\t<div class=\"comunicare-brand\">\r\n\t\t\t<div class=\"row\">\r\n\t\t\t\t<div class=\"col-lg-12\">\r\n\t\t\t\t\t<div class=\"heading-box\">\r\n\t\t\t\t\t\t<h3>How does a brand communicate <span>and what does it say?<\/span><\/h3>\r\n\t\t\t\t\t<\/div>\r\n\t\t\t\t<\/div>\r\n\t\t\t\t<div class=\"col-lg-7 col-md-7\">\r\n\t\t\t\t\t<p>To engage people in direct dialogue is a winning strategy. Textually speaking, a brand communicates in words to convey ideas and messages to the public. Semantics, syntax, rhythm, the musicality of words add resonance and authority to messages and write the narrative of a brand. <\/p>\r\n\t\t\t\t<\/div>\r\n\t\t\t\t<div class=\"col-lg-5 col-md-5\">\r\n\t\t\t\t\t<p>To create human relationships, grander than commercial affairs, is one of the main missions in writing brand communication.<\/p>\r\n\t\t\t\t<\/div>\r\n\t\t\t<\/div>\r\n\t\t\t<!-- End: row -->\r\n\t\t<\/div>\r\n\r\n\t\t<div class=\"limbaj-brand\">\r\n\t\t\t<div class=\"row\">\r\n\t\t\t\t<div class=\"col-lg-7 col-md-7\">\r\n\t\t\t\t\t<div class=\"heading-box\">\r\n\t\t\t\t\t\t<h3>Brand language <br>and narrative<\/h3>\r\n\t\t\t\t\t<\/div>\r\n\t\t\t\t\t<p>The narrative of a brand is a textual story of organizational activities. The narrative is composed of various types of description, presentation and promotional texts &#8211; articles, messages, argumentations, information, taxonomy and technical literature. <\/p>\r\n\t\t\t\t\t<p>The development of this textual construction is updated during communication campaigns writing text for promotional, informational or human dialogue with the public. Public feedback can be considered part of the narrative story of a brand. Even though it appears the text is holding a speech, you are here so we can have a dialogue.<\/p>\r\n\t\t\t\t<\/div>\r\n\t\t\t\t<div class=\"col-lg-5 col-md-5\">\r\n\t\t\t\t\t<blockquote>\r\n\t\t\t\t\t\t<p>We respect brand language by the letter, yet we also know how to freestyle. The narrative of a brand can be written by multiple authors, can be published organically on free media, owned or paid media, it is conducive to dialogue and action, and it\u2019s predicated on the feedback relationship between messages and the public.<\/p>\r\n\t\t\t\t\t<\/blockquote>\r\n\t\t\t\t<\/div>\r\n\t\t\t<\/div>\r\n\t\t\t<!-- End: row -->\r\n\t\t<\/div>\r\n\r\n\t<\/div>\r\n<\/section>\r\n<section class=\"manualbr-cultura-org\">\r\n\t<div class=\"container\">\r\n\t\t<div class=\"row\">\r\n\t\t\t<div class=\"col-lg-7\">\r\n\t\t\t\t<div class=\"heading-box\">\r\n\t\t\t\t\t<h3>Organizational culture<\/h3>\r\n\t\t\t\t<\/div>\r\n\t\t\t<\/div>\r\n\t\t<\/div>\r\n\t\t<div class=\"row\">\r\n\t\t\t<div class=\"col-lg-7\">\r\n\t\t\t\t<p>A good part of branding theory and practice is the effort to make practical identity elements that mediate social dynamics within an organization.<\/p>\r\n\t\t\t\t<p>Este important ca valorile unui brand s\u0103 se reg\u0103seasc\u0103 \u00een interac\u021biunile dintre oameni \u0219i s\u0103 conduc\u0103 \u00eenspre ac\u021biuni care sus\u021bin misiunea unui brand. <\/p>\r\n\t\t\t<\/div>\r\n\t\t\t<div class=\"col-lg-5\">\r\n\t\t\t\t<blockquote>\r\n\t\t\t\t\t<p>To earn respect for organizational culture is perhaps one of the most challenging dimensions of brand development, also one of the most rewarding. To achieve success in the market, we need to consolidate the brand from within.<\/p>\r\n\t\t\t\t<\/blockquote>\r\n\t\t\t<\/div>\r\n\t\t<\/div>\r\n\t<\/div>\r\n<\/section>\r\n<section class=\"manualbr-brand-equity\">\r\n\t<div class=\"container\">\r\n\t\t<div class=\"row\">\r\n\t\t\t<div class=\"col-lg-12\">\r\n\t\t\t\t<div class=\"heading-box\">\r\n\t\t\t\t\t<h3>Developing Brand Equity \u2013<br>Brand capital on the market<\/h3>\r\n\t\t\t\t<\/div>\r\n\t\t\t<\/div>\r\n\t\t<\/div>\r\n\t\t<div class=\"row\">\r\n\t\t\t<div class=\"col-lg-7 col-md-7 lft-side\">\r\n\t\t\t\t<p>Fortin Agency provides consulting, research and working tools to formulate a strategy for building a multimedia brand. We have the experience and the skills to develop or update the image and communication of brands to perform at capacity on the markets.<\/p>\r\n\t\t\t<\/div>\r\n\t\t\t<div class=\"col-lg-5 col-md-5\"><\/div>\r\n\t\t<\/div>\r\n\r\n\t<\/div>\r\n<\/section>","protected":false},"excerpt":{"rendered":"<p>The Brand Book &#8211; Manual de Branding Design book of reference in terms of branding, communication and organizational philosophy. To create social culture, a step above branding One can say that a brand is more important than the company it represents. A brand is represented beyond the services and products it provides, beyond its own &hellip;<\/p>\n","protected":false},"author":1,"featured_media":0,"parent":0,"menu_order":0,"comment_status":"closed","ping_status":"closed","template":"template\/brandbook.php","meta":{"_acf_changed":false,"footnotes":""},"yst_prominent_words":[],"class_list":["post-212","page","type-page","status-publish","hentry"],"acf":[],"_links":{"self":[{"href":"https:\/\/fortin.agency\/en\/wp-json\/wp\/v2\/pages\/212","targetHints":{"allow":["GET"]}}],"collection":[{"href":"https:\/\/fortin.agency\/en\/wp-json\/wp\/v2\/pages"}],"about":[{"href":"https:\/\/fortin.agency\/en\/wp-json\/wp\/v2\/types\/page"}],"author":[{"embeddable":true,"href":"https:\/\/fortin.agency\/en\/wp-json\/wp\/v2\/users\/1"}],"replies":[{"embeddable":true,"href":"https:\/\/fortin.agency\/en\/wp-json\/wp\/v2\/comments?post=212"}],"version-history":[{"count":0,"href":"https:\/\/fortin.agency\/en\/wp-json\/wp\/v2\/pages\/212\/revisions"}],"wp:attachment":[{"href":"https:\/\/fortin.agency\/en\/wp-json\/wp\/v2\/media?parent=212"}],"wp:term":[{"taxonomy":"yst_prominent_words","embeddable":true,"href":"https:\/\/fortin.agency\/en\/wp-json\/wp\/v2\/yst_prominent_words?post=212"}],"curies":[{"name":"wp","href":"https:\/\/api.w.org\/{rel}","templated":true}]}}